{"id":60,"date":"2021-02-17T15:49:36","date_gmt":"2021-02-17T15:49:36","guid":{"rendered":"http:\/\/feherdenever.hu\/?page_id=60"},"modified":"2021-03-20T06:36:16","modified_gmt":"2021-03-20T06:36:16","slug":"szamlaszamok","status":"publish","type":"page","link":"https:\/\/feherdenever.hu\/en\/szamlaszamok\/","title":{"rendered":"Account numbers"},"content":{"rendered":"<p>[et_pb_section fb_built=&#8221;1&#8243; _builder_version=&#8221;4.9.0&#8243; _module_preset=&#8221;default&#8221;][et_pb_row _builder_version=&#8221;4.9.0&#8243; _module_preset=&#8221;default&#8221;][et_pb_column _builder_version=&#8221;4.9.0&#8243; _module_preset=&#8221;default&#8221; type=&#8221;4_4&#8243;][et_pb_text _builder_version=&#8221;4.9.0&#8243; _module_preset=&#8221;default&#8221; hover_enabled=&#8221;0&#8243; sticky_enabled=&#8221;0&#8243; text_font_size=&#8221;14px&#8221;]<\/p>\n<p><span>Cstv. 46.\u00a7 (6) bekezd\u00e9s \u00e9rtelm\u00e9ben a felsz\u00e1mol\u00f3 az elismert k\u00f6vetel\u00e9sr\u0151l 2000 forint nett\u00f3 \u00f6sszeg\u0171 k\u00f6lts\u00e9gt\u00e9r\u00edt\u00e9s megfizet\u00e9se ellen\u00e9ben k\u00f6teles halad\u00e9ktalanul kiadni a sz\u00e1mvitelr\u0151l sz\u00f3l\u00f3 2000. \u00e9vi C. t\u00f6rv\u00e9ny 3. \u00a7 (4) bekezd\u00e9s 10. pont\u00a0<\/span><em>c)\u00a0<\/em><span>alpontja szerinti, a k\u00f6vetel\u00e9s behajthatatlans\u00e1g\u00e1ra vonatkoz\u00f3 igazol\u00e1st, felt\u00e9ve, hogy a felsz\u00e1mol\u00e1s kezd\u0151 id\u0151pontj\u00e1t k\u00f6vet\u0151en a bejelentett k\u00f6vetel\u00e9st nem engedm\u00e9nyezt\u00e9k, \u00e9s a jogosult ig\u00e9ny\u00e9nek kiel\u00e9g\u00edt\u00e9s\u00e9re v\u00e1rhat\u00f3an nincs fedezet.<\/span><\/p>\n<p><span><\/span><\/p>\n<p><span>A nyilatkozat d\u00edj\u00e1t, azaz 2.540 Ft \u00f6sszeget a felsz\u00e1mol\u00f3. \u00e1ltal kezelt\u00a0<\/span>12011375-01732263-00100003 sz\u00e1m\u00fa banksz\u00e1ml\u00e1j\u00e1ra \u00e1tutalni sz\u00edveskedjenek, a megjegyz\u00e9s rovatba az ad\u00f3s t\u00e1rsas\u00e1g nev\u00e9t sz\u00fcks\u00e9ges felt\u00fcntetni.<\/p>\n<p>[\/et_pb_text][\/et_pb_column][\/et_pb_row][\/et_pb_section]<\/p>","protected":false},"excerpt":{"rendered":"<p>Cstv. 46.\u00a7 (6) bekezd\u00e9s \u00e9rtelm\u00e9ben a felsz\u00e1mol\u00f3 az elismert k\u00f6vetel\u00e9sr\u0151l 2000 forint nett\u00f3 \u00f6sszeg\u0171 k\u00f6lts\u00e9gt\u00e9r\u00edt\u00e9s megfizet\u00e9se ellen\u00e9ben k\u00f6teles halad\u00e9ktalanul kiadni a sz\u00e1mvitelr\u0151l sz\u00f3l\u00f3 2000. \u00e9vi C. t\u00f6rv\u00e9ny 3. \u00a7 (4) bekezd\u00e9s 10. pont\u00a0c)\u00a0alpontja szerinti, a k\u00f6vetel\u00e9s behajthatatlans\u00e1g\u00e1ra vonatkoz\u00f3 igazol\u00e1st, felt\u00e9ve, hogy a felsz\u00e1mol\u00e1s kezd\u0151 id\u0151pontj\u00e1t k\u00f6vet\u0151en a bejelentett k\u00f6vetel\u00e9st nem engedm\u00e9nyezt\u00e9k, \u00e9s a jogosult ig\u00e9ny\u00e9nek [&hellip;]<\/p>","protected":false},"author":1,"featured_media":0,"parent":0,"menu_order":11,"comment_status":"closed","ping_status":"closed","template":"","meta":{"_et_pb_use_builder":"on","_et_pb_old_content":"","_et_gb_content_width":"","footnotes":""},"class_list":["post-60","page","type-page","status-publish","hentry"],"_links":{"self":[{"href":"https:\/\/feherdenever.hu\/en\/wp-json\/wp\/v2\/pages\/60","targetHints":{"allow":["GET"]}}],"collection":[{"href":"https:\/\/feherdenever.hu\/en\/wp-json\/wp\/v2\/pages"}],"about":[{"href":"https:\/\/feherdenever.hu\/en\/wp-json\/wp\/v2\/types\/page"}],"author":[{"embeddable":true,"href":"https:\/\/feherdenever.hu\/en\/wp-json\/wp\/v2\/users\/1"}],"replies":[{"embeddable":true,"href":"https:\/\/feherdenever.hu\/en\/wp-json\/wp\/v2\/comments?post=60"}],"version-history":[{"count":4,"href":"https:\/\/feherdenever.hu\/en\/wp-json\/wp\/v2\/pages\/60\/revisions"}],"predecessor-version":[{"id":134,"href":"https:\/\/feherdenever.hu\/en\/wp-json\/wp\/v2\/pages\/60\/revisions\/134"}],"wp:attachment":[{"href":"https:\/\/feherdenever.hu\/en\/wp-json\/wp\/v2\/media?parent=60"}],"curies":[{"name":"wp","href":"https:\/\/api.w.org\/{rel}","templated":true}]}}